{"id":27,"date":"2017-07-14T16:34:57","date_gmt":"2017-07-14T14:34:57","guid":{"rendered":"http:\/\/ecolozen.com\/?page_id=27"},"modified":"2017-11-14T13:22:58","modified_gmt":"2017-11-14T12:22:58","slug":"a-propos","status":"publish","type":"page","link":"https:\/\/ecolozen.com\/fr\/a-propos\/","title":{"rendered":"A propos"},"content":{"rendered":"<h2><img loading=\"lazy\" class=\"wp-image-143 size-medium alignright\" src=\"http:\/\/ecolozen.com\/fr\/wp-content\/uploads\/2017\/07\/Phil-pic-cool-recadre\u0301-276x300.png\" alt=\"\" width=\"276\" height=\"300\" srcset=\"https:\/\/ecolozen.com\/fr\/wp-content\/uploads\/2017\/07\/Phil-pic-cool-recadre\u0301-276x300.png 276w, https:\/\/ecolozen.com\/fr\/wp-content\/uploads\/2017\/07\/Phil-pic-cool-recadre\u0301.png 766w\" sizes=\"(max-width: 276px) 85vw, 276px\" \/>Pourquoi Ecolozen ?<\/h2>\n<p>J&rsquo;ai une sensibilit\u00e9 pour l&rsquo;\u00e9cologie depuis tout petit, et \u00a0j&rsquo;ai d\u00e9cid\u00e9 de passer \u00e0 l&rsquo;action en 2015 et d&rsquo;appliquer deux concepts simples : <strong>il faut commencer par agir \u00e0 son niveau<\/strong> avant de vouloir changer le monde (ou, pire, de s&rsquo;en plaindre sans agir), et <strong>chaque petit pas compte<\/strong>.<\/p>\n<p>En trois ans, j&rsquo;ai r\u00e9ussi \u00e0 changer certaines choses fondamentales de ma vie :<\/p>\n<ul>\n<li>J&rsquo;ai divis\u00e9 mon empreinte carbone au moins par deux<\/li>\n<li>J&rsquo;ai r\u00e9duit mon stress quotidien en apprenant \u00e0 relativiser, en simplifiant l&rsquo;\u00e9quation de ma vie (au travail comme \u00e0 la maison) et en me focalisant sur ce qui compte le plus<\/li>\n<li>Par cons\u00e9quent, j&rsquo;ai trouv\u00e9 une \u00e0 deux heures de plus par jour pour \u00eatre avec mon fils et l&rsquo;aider \u00e0 grandir intellectuellement et spirituellement, tout en lui inculquant les valeurs qui me sont ch\u00e8res<\/li>\n<li>J&rsquo;ai appris plus de choses sur l&rsquo;\u00e9cologie et la sant\u00e9 en 3 ans que sur mes 35 premi\u00e8res ann\u00e9es de vie (J&rsquo;ai 38 ans en 2017)<\/li>\n<li>J&rsquo;ai perdu 20 kg, sans r\u00e9gime, en changeant simplement mon mode de vie. Je me sens sain de corps et mon esprit suit naturellement.<\/li>\n<\/ul>\n<p><strong>Avec Ecolozen, mon but est de partager et inspirer toutes celles et tous ceux qui veulent avoir un impact positif sur le monde de demain.\u00a0<\/strong>L&rsquo;environnement n&rsquo;est certes pas tout, mais comme il est intimement li\u00e9 \u00e0 d&rsquo;autres valeurs fondamentales (notamment la sant\u00e9, les relations sociales, l&rsquo;amour du prochain et la bienveillance), j&rsquo;ai d\u00e9cid\u00e9 d&rsquo;en faire l&rsquo;axe principal de ce site.<\/p>\n<p>&nbsp;<\/p>\n<h2>Principes fondamentaux<\/h2>\n<ol>\n<li><b>Simplifier <\/b>pour arriver \u00e0\u00a0impacter : en tant qu&rsquo;entrepreneur, j\u2019ai pu constater que plus on simplifiait un probl\u00e8me, plus on avait de chances de le r\u00e9soudre.\u00a0Si les conseils prodigu\u00e9s \u00e9taient tr\u00e8s difficiles \u00e0 r\u00e9aliser, peu de personnes les appliqueraient. Je tente donc avec Ecolozen de proposer les solutions qui demandent le moins d&rsquo;effort pour un impact maximum sur l\u2019environnement.<\/li>\n<li><b>Donner une bouff\u00e9e d\u2019air frais<\/b> : les scandales et autres mauvaises nouvelles ont tendance \u00e0 d\u00e9primer et \u00e0 paralyser. Sans les ignorer, j\u2019ai d\u00e9cid\u00e9 de ne pas leur donner la place sur Ecolozen. De nombreux autres sites le font tr\u00e8s bien. Je vais au contraire partager les initiatives positives et progr\u00e8s, ce qui\u00a0donnera du baume au coeur, et peut-\u00eatre contribuera \u00e0 cr\u00e9er de nouvelles vocations.<\/li>\n<li><b>Proposer sans faire culpabiliser<\/b> : quand on a des valeurs qui nous tiennent particuli\u00e8rement \u00e0 coeur, on a tendance \u00e0 mal vivre le fait que les autres soient diff\u00e9rents. On se met \u00e0 les juger et \u00e0 les\u00a0critiquer, et parfois \u00e0 tenter d&rsquo;imposer sa vision des choses. Etant le premier \u00e0 \u00eatre tr\u00e8s\u00a0imparfait dans le domaine de l&rsquo;\u00e9cologie, je me garderai bien de juger les moins \u00e9colos que moi &#8211; car il y aura toujours plus \u00e9colo que moi \ud83d\ude42 Ma proposition, c\u2019est que tous et toutes, quelque soient leur niveau d\u2019implication dans l\u2019\u00e9cologie, tentent de faire un pas dans le bon sens : 1 petit pas d&rsquo;un m\u00e8tre x 7 milliards d&rsquo;humains = pr\u00e8s de 1800 fois le tour de la terre :).<\/li>\n<li><b>Ecrire des\u00a0contenus durables<\/b> : les astuces que je propose devraient autant que possible \u00eatre encore valables dans 10 ans. J\u2019\u00e9viterai donc de r\u00e9diger moi m\u00eame des news sur l\u2019actualit\u00e9, et ne parlerai pas de l&rsquo;actualit\u00e9. En revanche, je ferai une s\u00e9lection d\u2019articles int\u00e9ressants glan\u00e9s sur d\u2019autres sites et vous en ferai part <a href=\"https:\/\/twitter.com\/ecolozen_com\">sur mon compte Twitter<\/a>.<\/li>\n<li><b>Partager ma passion<\/b> : j\u2019ai toujours aim\u00e9 partager avec enthousiasme les sujets qui me passionnent, ce qui est le cas de\u00a0l\u2019\u00e9cologie.<\/li>\n<\/ol>\n<div><\/div>\n<h2>Qui suis-je ?<\/h2>\n<p>N\u00e9 \u00e0 Paris en 1979, j&rsquo;ai pass\u00e9 la plupart de mes vacances \u00e0 la campagne (en Provence notamment) et j&rsquo;ai toujours su que ma place \u00e9tait plus proche de la nature.<\/p>\n<p>D&rsquo;un point de vue professionnel, j&rsquo;ai cr\u00e9\u00e9 en 2000, en tant que musicien passionn\u00e9, le site <a href=\"http:\/\/www.audiofanzine.com\">Audiofanzine.com<\/a>, m\u00e9dia et communaut\u00e9 qui aide les musiciens \u00e0 \u00e9changer, s&rsquo;\u00e9quiper et progresser.<\/p>\n<p>Aujourd&rsquo;hui, je suis toujours \u00e0 la t\u00eate d&rsquo;Audiofanzine, mais depuis que j&rsquo;ai eu un fils en 2012, je souhaite \u00e9galement avoir, \u00e0 mon \u00e9chelle, un impact positif sur le monde sur un sujet qui me semble capital : l&rsquo;environnement au sens large.<\/p>\n<h2>Ce qui me motive<\/h2>\n<ul>\n<li><strong>Partager avec le plus grand nombre<\/strong> ce que j&rsquo;ai appris, en prenant soin de garder un esprit critique, de v\u00e9rifier mes sources et de croiser autant que possible avec une validation scientifique de ce que j&rsquo;avance<\/li>\n<li>Arriver \u00e0 <strong>aider<\/strong> les plus motiv\u00e9s avec des outils, \u00e0 <strong>convaincre<\/strong> les plus sceptiques avec des arguments tangibles, et aider un changement plus global du monde par \u00ab\u00a0contagion\u00a0\u00bb de l&rsquo;information et en montrant l&rsquo;exemple<\/li>\n<li><strong>Donner un espoir<\/strong> que le changement est possible \u00e0 grande \u00e9chelle<\/li>\n<\/ul>\n<p>&nbsp;<\/p>\n<p><a name=\"mes-valeurs\"><\/a><\/p>\n<h2>Mes valeurs<\/h2>\n<p>Ecolozen est n\u00e9 d&rsquo;un d\u00e9sir personnel, tout comme mon activit\u00e9 principale\u00a0<a href=\"https:\/\/fr.audiofanzine.com\/\" target=\"_blank\" rel=\"noopener\">Audiofanzine<\/a> (voir plus haut). Audiofanzine est ce que je pourrais qualifier de \u00ab\u00a0soci\u00e9t\u00e9 d&rsquo;esprit associatif\u00a0\u00bb : l&rsquo;entreprise sert l&rsquo;objectif (aider les musiciens), l&rsquo;argent g\u00e9n\u00e9r\u00e9 n&rsquo;\u00e9tant qu&rsquo;un moyen de servir cet objectif (par exemple dans le cas d&rsquo;Audiofanzine, 15 personnes travaillent au quotidien, cr\u00e9ant de de valeur : contenu authentique, services&#8230;).<\/p>\n<p>Je ne sais pas si Ecolozen deviendra une soci\u00e9t\u00e9 \u00e0 terme ou pas, mais en tout \u00e9tat de cause, elle se basera\u00a0sur une valeur fondamentale d&rsquo;<strong>honn\u00eatet\u00e9 intellectuelle<\/strong> \u00e0 tout \u00e9preuve : aucun int\u00e9r\u00eat commercial, par exemple, ne pourra devenir prioritaire sur ce que je pense d&rsquo;un produit. Exemple concret : si je conseille un produit vendu sur Amazon et qu&rsquo;en tant qu&rsquo;affili\u00e9, je touche une commission sur les ventes g\u00e9n\u00e9r\u00e9es, cela ne m&#8217;emp\u00eachera pas de conseiller uniquement les produits que je saurai \u00eatre v\u00e9ritablement utiles, quelqu&rsquo;en soit l&rsquo;int\u00e9r\u00eat financier. C&rsquo;est ce qui gouverne Audiofanzine depuis 2000 (voir <a href=\"https:\/\/fr.audiofanzine.com\/tout\/editorial\/dossiers\/a-propos-des-tests-d-audiofanzine.html?utm_source=ecolozen&amp;utm_medium=link&amp;utm_campaign=about-ecolozen\" target=\"_blank\" rel=\"noopener\">le credo de l&rsquo;\u00e9quipe d&rsquo;Audiofanzine<\/a> \u00e0 propos de nos tests) et c&rsquo;est la m\u00eame chose pour Ecolozen.<\/p>\n<h2>Pour conclure<\/h2>\n<p>Mon challenge, ma mission avec Ecolozen et plus g\u00e9n\u00e9ralement mon style de vie \u00a0est d&rsquo;<strong>influencer positivement, en douceur, le plus grand nombre pour contribuer \u00e0 une meilleure plan\u00e8te pour nos enfants<\/strong>.<\/p>\n<p>J&rsquo;esp\u00e8re que vous vous y retrouverez dedans, et qu&rsquo;ensemble nous ferons un pas dans le bon sens. Puis un autre. \ud83d\ude42<\/p>\n<h2>Me contacter<\/h2>\n<div role=\"form\" class=\"wpcf7\" id=\"wpcf7-f807-o1\" lang=\"fr-FR\" dir=\"ltr\">\n<div class=\"screen-reader-response\"><p role=\"status\" aria-live=\"polite\" aria-atomic=\"true\"><\/p> <ul><\/ul><\/div>\n<form action=\"\/fr\/wp-json\/wp\/v2\/pages\/27#wpcf7-f807-o1\" method=\"post\" class=\"wpcf7-form init\" novalidate=\"novalidate\" data-status=\"init\">\n<div style=\"display: none;\">\n<input type=\"hidden\" name=\"_wpcf7\" value=\"807\" \/>\n<input type=\"hidden\" name=\"_wpcf7_version\" value=\"5.4.1\" \/>\n<input type=\"hidden\" name=\"_wpcf7_locale\" value=\"fr_FR\" \/>\n<input type=\"hidden\" name=\"_wpcf7_unit_tag\" value=\"wpcf7-f807-o1\" \/>\n<input type=\"hidden\" name=\"_wpcf7_container_post\" value=\"0\" \/>\n<input type=\"hidden\" name=\"_wpcf7_posted_data_hash\" value=\"\" \/>\n<\/div>\n<p><label> Votre nom (obligatoire)<br \/>\n    <span class=\"wpcf7-form-control-wrap your-name\"><input type=\"text\" name=\"your-name\" value=\"\" size=\"40\" class=\"wpcf7-form-control wpcf7-text wpcf7-validates-as-required\" aria-required=\"true\" aria-invalid=\"false\" \/><\/span> <\/label><\/p>\n<p><label> Votre e-mail (obligatoire)<br \/>\n    <span class=\"wpcf7-form-control-wrap your-email\"><input type=\"email\" name=\"your-email\" value=\"\" size=\"40\" class=\"wpcf7-form-control wpcf7-text wpcf7-email wpcf7-validates-as-required wpcf7-validates-as-email\" aria-required=\"true\" aria-invalid=\"false\" \/><\/span> <\/label><\/p>\n<p><label> Sujet<br \/>\n    <span class=\"wpcf7-form-control-wrap your-subject\"><input type=\"text\" name=\"your-subject\" value=\"\" size=\"40\" class=\"wpcf7-form-control wpcf7-text\" aria-invalid=\"false\" \/><\/span> <\/label><\/p>\n<p><label> Votre message<br \/>\n    <span class=\"wpcf7-form-control-wrap your-message\"><textarea name=\"your-message\" cols=\"40\" rows=\"10\" class=\"wpcf7-form-control wpcf7-textarea\" aria-invalid=\"false\"><\/textarea><\/span> <\/label><\/p>\n<p><input type=\"submit\" value=\"Envoyer\" class=\"wpcf7-form-control wpcf7-submit\" \/><\/p>\n<div class=\"wpcf7-response-output\" aria-hidden=\"true\"><\/div><\/form><\/div>\n<p>&nbsp;<\/p>\n","protected":false},"excerpt":{"rendered":"<p>Pourquoi Ecolozen ? J&rsquo;ai une sensibilit\u00e9 pour l&rsquo;\u00e9cologie depuis tout petit, et \u00a0j&rsquo;ai d\u00e9cid\u00e9 de passer \u00e0 l&rsquo;action en 2015 et d&rsquo;appliquer deux concepts simples : il faut commencer par agir \u00e0 son niveau avant de vouloir changer le monde (ou, pire, de s&rsquo;en plaindre sans agir), et chaque petit pas compte. En trois ans, &hellip; <a href=\"https:\/\/ecolozen.com\/fr\/a-propos\/\" class=\"more-link\">Continuer la lecture<span class=\"screen-reader-text\"> de &laquo;&nbsp;A propos&nbsp;&raquo;<\/span><\/a><\/p>\n","protected":false},"author":1,"featured_media":0,"parent":0,"menu_order":0,"comment_status":"closed","ping_status":"closed","template":"","meta":[],"_links":{"self":[{"href":"https:\/\/ecolozen.com\/fr\/wp-json\/wp\/v2\/pages\/27"}],"collection":[{"href":"https:\/\/ecolozen.com\/fr\/wp-json\/wp\/v2\/pages"}],"about":[{"href":"https:\/\/ecolozen.com\/fr\/wp-json\/wp\/v2\/types\/page"}],"author":[{"embeddable":true,"href":"https:\/\/ecolozen.com\/fr\/wp-json\/wp\/v2\/users\/1"}],"replies":[{"embeddable":true,"href":"https:\/\/ecolozen.com\/fr\/wp-json\/wp\/v2\/comments?post=27"}],"version-history":[{"count":19,"href":"https:\/\/ecolozen.com\/fr\/wp-json\/wp\/v2\/pages\/27\/revisions"}],"predecessor-version":[{"id":2219,"href":"https:\/\/ecolozen.com\/fr\/wp-json\/wp\/v2\/pages\/27\/revisions\/2219"}],"wp:attachment":[{"href":"https:\/\/ecolozen.com\/fr\/wp-json\/wp\/v2\/media?parent=27"}],"curies":[{"name":"wp","href":"https:\/\/api.w.org\/{rel}","templated":true}]}}